{"id":492,"date":"2024-08-29T23:43:59","date_gmt":"2024-08-29T23:43:59","guid":{"rendered":"https:\/\/rodrigosantanaadv.com.br\/?page_id=492"},"modified":"2025-05-01T14:38:58","modified_gmt":"2025-05-01T17:38:58","slug":"dr-rodrigo-santana-advocacia","status":"publish","type":"page","link":"https:\/\/rodrigosantanaadv.com.br\/","title":{"rendered":"Dr. Rodrigo Santana Advocacia"},"content":{"rendered":"\t\t<div data-elementor-type=\"wp-page\" data-elementor-id=\"492\" class=\"elementor elementor-492\" data-elementor-post-type=\"page\">\n\t\t\t\t<div class=\"elementor-element elementor-element-f4171e9 e-con-full e-flex e-con e-parent\" data-id=\"f4171e9\" data-element_type=\"container\" data-settings=\"{&quot;background_background&quot;:&quot;classic&quot;,&quot;motion_fx_motion_fx_scrolling&quot;:&quot;yes&quot;,&quot;motion_fx_devices&quot;:[&quot;desktop&quot;,&quot;tablet&quot;,&quot;mobile&quot;]}\">\n\t\t<div class=\"elementor-element elementor-element-867095b e-con-full e-flex e-con e-child\" data-id=\"867095b\" data-element_type=\"container\">\n\t\t\t\t<div class=\"elementor-element elementor-element-b0d85a3 elementor-widget elementor-widget-heading\" data-id=\"b0d85a3\" data-element_type=\"widget\" data-widget_type=\"heading.default\">\n\t\t\t\t<div class=\"elementor-widget-container\">\n\t\t\t<h2 class=\"elementor-heading-title elementor-size-default\">Direito Criminal e Previdenci\u00e1rio<\/h2>\t\t<\/div>\n\t\t\t\t<\/div>\n\t\t\t\t<div class=\"elementor-element elementor-element-f32bf92 elementor-widget elementor-widget-heading\" data-id=\"f32bf92\" data-element_type=\"widget\" data-widget_type=\"heading.default\">\n\t\t\t\t<div class=\"elementor-widget-container\">\n\t\t\t<h2 class=\"elementor-heading-title elementor-size-default\">Atua\u00e7\u00e3o em pris\u00e3o em flagrante, inqu\u00e9ritos policiais, <br>processos criminais, execu\u00e7\u00e3o penal e tribunal do j\u00fari.<\/h2>\t\t<\/div>\n\t\t\t\t<\/div>\n\t\t\t\t<div class=\"elementor-element elementor-element-cbe49c8 elementor-align-left elementor-widget elementor-widget-button\" data-id=\"cbe49c8\" data-element_type=\"widget\" data-widget_type=\"button.default\">\n\t\t\t\t<div class=\"elementor-widget-container\">\n\t\t\t\t\t<div class=\"elementor-button-wrapper\">\n\t\t\t<a class=\"elementor-button elementor-button-link elementor-size-sm\" href=\"http:\/\/wa.me\/5534991666262\">\n\t\t\t\t\t\t<span class=\"elementor-button-content-wrapper\">\n\t\t\t\t\t\t\t\t\t<span class=\"elementor-button-text\">Atendimento Criminal<\/span>\n\t\t\t\t\t<\/span>\n\t\t\t\t\t<\/a>\n\t\t<\/div>\n\t\t\t\t<\/div>\n\t\t\t\t<\/div>\n\t\t\t\t<div class=\"elementor-element elementor-element-428c2a4 elementor-align-left elementor-widget__width-initial elementor-widget-tablet__width-initial elementor-widget elementor-widget-button\" data-id=\"428c2a4\" data-element_type=\"widget\" data-widget_type=\"button.default\">\n\t\t\t\t<div class=\"elementor-widget-container\">\n\t\t\t\t\t<div class=\"elementor-button-wrapper\">\n\t\t\t<a class=\"elementor-button elementor-button-link elementor-size-sm\" href=\"https:\/\/wa.me\/5534991666262\">\n\t\t\t\t\t\t<span class=\"elementor-button-content-wrapper\">\n\t\t\t\t\t\t\t\t\t<span class=\"elementor-button-text\">Atendimento Previdenci\u00e1rio<\/span>\n\t\t\t\t\t<\/span>\n\t\t\t\t\t<\/a>\n\t\t<\/div>\n\t\t\t\t<\/div>\n\t\t\t\t<\/div>\n\t\t\t\t<\/div>\n\t\t\t\t<\/div>\n\t\t<div class=\"elementor-element elementor-element-a4b4de2 e-con-full e-flex e-con e-parent\" data-id=\"a4b4de2\" data-element_type=\"container\" data-settings=\"{&quot;background_background&quot;:&quot;classic&quot;}\">\n\t\t<div class=\"elementor-element elementor-element-e477602 e-con-full e-flex e-con e-child\" data-id=\"e477602\" data-element_type=\"container\">\n\t\t\t\t<div class=\"elementor-element elementor-element-3408ba3 elementor-view-default elementor-widget elementor-widget-icon\" data-id=\"3408ba3\" data-element_type=\"widget\" data-widget_type=\"icon.default\">\n\t\t\t\t<div class=\"elementor-widget-container\">\n\t\t\t\t\t<div class=\"elementor-icon-wrapper\">\n\t\t\t<div class=\"elementor-icon\">\n\t\t\t<svg aria-hidden=\"true\" class=\"e-font-icon-svg e-fas-balance-scale\" viewBox=\"0 0 640 512\" xmlns=\"http:\/\/www.w3.org\/2000\/svg\"><path d=\"M256 336h-.02c0-16.18 1.34-8.73-85.05-181.51-17.65-35.29-68.19-35.36-85.87 0C-2.06 328.75.02 320.33.02 336H0c0 44.18 57.31 80 128 80s128-35.82 128-80zM128 176l72 144H56l72-144zm511.98 160c0-16.18 1.34-8.73-85.05-181.51-17.65-35.29-68.19-35.36-85.87 0-87.12 174.26-85.04 165.84-85.04 181.51H384c0 44.18 57.31 80 128 80s128-35.82 128-80h-.02zM440 320l72-144 72 144H440zm88 128H352V153.25c23.51-10.29 41.16-31.48 46.39-57.25H528c8.84 0 16-7.16 16-16V48c0-8.84-7.16-16-16-16H383.64C369.04 12.68 346.09 0 320 0s-49.04 12.68-63.64 32H112c-8.84 0-16 7.16-16 16v32c0 8.84 7.16 16 16 16h129.61c5.23 25.76 22.87 46.96 46.39 57.25V448H112c-8.84 0-16 7.16-16 16v32c0 8.84 7.16 16 16 16h416c8.84 0 16-7.16 16-16v-32c0-8.84-7.16-16-16-16z\"><\/path><\/svg>\t\t\t<\/div>\n\t\t<\/div>\n\t\t\t\t<\/div>\n\t\t\t\t<\/div>\n\t\t\t\t<div class=\"elementor-element elementor-element-9c03fc4 elementor-widget elementor-widget-heading\" data-id=\"9c03fc4\" data-element_type=\"widget\" data-widget_type=\"heading.default\">\n\t\t\t\t<div class=\"elementor-widget-container\">\n\t\t\t<h2 class=\"elementor-heading-title elementor-size-default\"><a href=\"https:\/\/rodrigosantanaadv.com.br\/?page_id=589\">Direito Previdenci\u00e1rio\n<br><br>\nConhe\u00e7a mais sobre nossos servi\u00e7os clicando aqui.<\/a><\/h2>\t\t<\/div>\n\t\t\t\t<\/div>\n\t\t\t\t<\/div>\n\t\t<div class=\"elementor-element elementor-element-7124d09 e-con-full e-flex e-con e-child\" data-id=\"7124d09\" data-element_type=\"container\">\n\t\t\t\t<div class=\"elementor-element elementor-element-5827c7a elementor-view-default elementor-widget elementor-widget-icon\" data-id=\"5827c7a\" data-element_type=\"widget\" data-widget_type=\"icon.default\">\n\t\t\t\t<div class=\"elementor-widget-container\">\n\t\t\t\t\t<div class=\"elementor-icon-wrapper\">\n\t\t\t<div class=\"elementor-icon\">\n\t\t\t<svg xmlns=\"http:\/\/www.w3.org\/2000\/svg\" xmlns:xlink=\"http:\/\/www.w3.org\/1999\/xlink\" width=\"500\" viewBox=\"0 0 375 374.999991\" height=\"500\" preserveAspectRatio=\"xMidYMid meet\"><rect x=\"-37.5\" width=\"450\" fill=\"#ffffff\" y=\"-37.499999\" height=\"449.999989\" fill-opacity=\"1\"><\/rect><rect x=\"-37.5\" width=\"450\" fill=\"#f5f6f7\" y=\"-37.499999\" height=\"449.999989\" fill-opacity=\"1\"><\/rect><path fill=\"#06253d\" d=\"M 259.667969 115.808594 C 266.730469 107.027344 253.199219 84.402344 229.4375 65.277344 C 205.679688 46.144531 180.695312 37.765625 173.625 46.539062 C 172.1875 48.328125 171.609375 50.695312 171.789062 53.488281 L 160.488281 67.535156 L 241.957031 133.121094 L 253.265625 119.074219 C 256.03125 118.65625 258.222656 117.597656 259.667969 115.808594 \" fill-opacity=\"1\" fill-rule=\"nonzero\"><\/path><path fill=\"#06253d\" d=\"M 55.488281 193.28125 C 48.417969 202.0625 61.949219 224.683594 85.710938 243.8125 C 109.46875 262.9375 134.460938 271.324219 141.53125 262.550781 C 142.96875 260.761719 143.542969 258.386719 143.359375 255.59375 L 154.667969 241.554688 L 73.191406 175.96875 L 61.890625 190.007812 C 59.128906 190.429688 56.929688 191.492188 55.488281 193.28125 \" fill-opacity=\"1\" fill-rule=\"nonzero\"><\/path><path fill=\"#06253d\" d=\"M 367.375 303.53125 L 236.25 197.96875 C 239.371094 194.097656 239.125 188.511719 235.679688 184.917969 L 210.003906 158.191406 L 227.460938 136.5 L 160.285156 82.421875 L 87.695312 172.582031 L 154.871094 226.667969 L 172.332031 204.984375 L 203.929688 224.363281 C 208.167969 226.957031 213.683594 226.007812 216.804688 222.132812 L 347.925781 327.6875 C 354.597656 333.058594 364.363281 332.011719 369.734375 325.335938 C 375.101562 318.660156 374.050781 308.898438 367.375 303.53125 \" fill-opacity=\"1\" fill-rule=\"nonzero\"><\/path><path fill=\"#06253d\" d=\"M 221.144531 368.347656 C 220.914062 362.269531 215.90625 357.351562 209.765625 357.351562 L 208.730469 357.351562 L 208.730469 350.167969 C 208.730469 343.898438 203.59375 338.753906 197.316406 338.753906 L 40.621094 338.753906 C 34.347656 338.753906 29.203125 343.898438 29.203125 350.167969 L 29.203125 357.351562 L 28.167969 357.351562 C 22.035156 357.351562 17.019531 362.269531 16.800781 368.347656 L 221.144531 368.347656 \" fill-opacity=\"1\" fill-rule=\"nonzero\"><\/path><\/svg>\t\t\t<\/div>\n\t\t<\/div>\n\t\t\t\t<\/div>\n\t\t\t\t<\/div>\n\t\t\t\t<div class=\"elementor-element elementor-element-19c8166 elementor-widget elementor-widget-heading\" data-id=\"19c8166\" data-element_type=\"widget\" data-widget_type=\"heading.default\">\n\t\t\t\t<div class=\"elementor-widget-container\">\n\t\t\t<h2 class=\"elementor-heading-title elementor-size-default\"><a href=\"https:\/\/rodrigosantanaadv.com.br\/?page_id=604\">Direito Criminal \n<br><br>\nConhe\u00e7a mais sobre nossos servi\u00e7os clicando aqui.<\/a><\/h2>\t\t<\/div>\n\t\t\t\t<\/div>\n\t\t\t\t<\/div>\n\t\t\t\t<\/div>\n\t\t<div class=\"elementor-element elementor-element-52ccda0 e-flex e-con-boxed e-con e-parent\" data-id=\"52ccda0\" data-element_type=\"container\" data-settings=\"{&quot;background_background&quot;:&quot;classic&quot;}\">\n\t\t\t\t\t<div class=\"e-con-inner\">\n\t\t\t\t<div class=\"elementor-element elementor-element-2da62e1 elementor-widget elementor-widget-heading\" data-id=\"2da62e1\" data-element_type=\"widget\" data-widget_type=\"heading.default\">\n\t\t\t\t<div class=\"elementor-widget-container\">\n\t\t\t<h2 class=\"elementor-heading-title elementor-size-default\">Rodrigo Santana<\/h2>\t\t<\/div>\n\t\t\t\t<\/div>\n\t\t\t\t<div class=\"elementor-element elementor-element-3b10a5f elementor-widget-divider--view-line elementor-widget elementor-widget-divider\" data-id=\"3b10a5f\" data-element_type=\"widget\" data-widget_type=\"divider.default\">\n\t\t\t\t<div class=\"elementor-widget-container\">\n\t\t\t\t\t<div class=\"elementor-divider\">\n\t\t\t<span class=\"elementor-divider-separator\">\n\t\t\t\t\t\t<\/span>\n\t\t<\/div>\n\t\t\t\t<\/div>\n\t\t\t\t<\/div>\n\t\t\t\t<div class=\"elementor-element elementor-element-046f2de elementor-widget elementor-widget-heading\" data-id=\"046f2de\" data-element_type=\"widget\" data-widget_type=\"heading.default\">\n\t\t\t\t<div class=\"elementor-widget-container\">\n\t\t\t<h2 class=\"elementor-heading-title elementor-size-default\">Advogado formado em 2005 pela Universidade do Tri\u00e2ngulo. <br>P\u00f3s-graduando em Direito Civil e Processo Civil e Direito e Processo Previdenci\u00e1rio.\n\u00c9 membro da Comiss\u00e3o de Defesa das Prerrogativas da Advocacia em Uberl\u00e2ndia.\n\u00c9 membro da Comiss\u00e3o de Direito Penal e Processual Penal em Uberl\u00e2ndia.\n<\/h2>\t\t<\/div>\n\t\t\t\t<\/div>\n\t\t\t\t<div class=\"elementor-element elementor-element-2698cf1 elementor-align-center elementor-widget elementor-widget-button\" data-id=\"2698cf1\" data-element_type=\"widget\" data-widget_type=\"button.default\">\n\t\t\t\t<div class=\"elementor-widget-container\">\n\t\t\t\t\t<div class=\"elementor-button-wrapper\">\n\t\t\t<a class=\"elementor-button elementor-button-link elementor-size-sm\" href=\"http:\/\/wa.me\/5534991666262\">\n\t\t\t\t\t\t<span class=\"elementor-button-content-wrapper\">\n\t\t\t\t\t\t\t\t\t<span class=\"elementor-button-text\">Atendimento Criminal<\/span>\n\t\t\t\t\t<\/span>\n\t\t\t\t\t<\/a>\n\t\t<\/div>\n\t\t\t\t<\/div>\n\t\t\t\t<\/div>\n\t\t\t\t<div class=\"elementor-element elementor-element-785c92e elementor-align-center elementor-widget elementor-widget-button\" data-id=\"785c92e\" data-element_type=\"widget\" data-widget_type=\"button.default\">\n\t\t\t\t<div class=\"elementor-widget-container\">\n\t\t\t\t\t<div class=\"elementor-button-wrapper\">\n\t\t\t<a class=\"elementor-button elementor-button-link elementor-size-sm\" href=\"http:\/\/wa.me\/5534991649555\">\n\t\t\t\t\t\t<span class=\"elementor-button-content-wrapper\">\n\t\t\t\t\t\t\t\t\t<span class=\"elementor-button-text\">Atendimento Previdenci\u00e1rio<\/span>\n\t\t\t\t\t<\/span>\n\t\t\t\t\t<\/a>\n\t\t<\/div>\n\t\t\t\t<\/div>\n\t\t\t\t<\/div>\n\t\t\t\t\t<\/div>\n\t\t\t\t<\/div>\n\t\t<div class=\"elementor-element elementor-element-1354c62 e-con-full e-flex e-con e-parent\" data-id=\"1354c62\" data-element_type=\"container\">\n\t\t\t\t<div class=\"elementor-element elementor-element-cf1e5b5 elementor-widget elementor-widget-google_maps\" data-id=\"cf1e5b5\" data-element_type=\"widget\" data-widget_type=\"google_maps.default\">\n\t\t\t\t<div class=\"elementor-widget-container\">\n\t\t\t\t\t<div class=\"elementor-custom-embed\">\n\t\t\t<iframe loading=\"lazy\"\n\t\t\t\t\tsrc=\"https:\/\/maps.google.com\/maps?q=Av.%20Cesario%20Alvim%2C%203545%2C%20Uberl%C3%A2ndia&#038;t=m&#038;z=15&#038;output=embed&#038;iwloc=near\"\n\t\t\t\t\ttitle=\"Av. Cesario Alvim, 3545, Uberl\u00e2ndia\"\n\t\t\t\t\taria-label=\"Av. Cesario Alvim, 3545, Uberl\u00e2ndia\"\n\t\t\t><\/iframe>\n\t\t<\/div>\n\t\t\t\t<\/div>\n\t\t\t\t<\/div>\n\t\t\t\t<\/div>\n\t\t<div class=\"elementor-element elementor-element-fd67de5 e-flex e-con-boxed e-con e-parent\" data-id=\"fd67de5\" data-element_type=\"container\" data-settings=\"{&quot;background_background&quot;:&quot;gradient&quot;}\">\n\t\t\t\t\t<div class=\"e-con-inner\">\n\t\t<div class=\"elementor-element elementor-element-af47035 e-con-full e-flex e-con e-child\" data-id=\"af47035\" data-element_type=\"container\">\n\t\t\t\t<div class=\"elementor-element elementor-element-5e9131e elementor-widget elementor-widget-heading\" data-id=\"5e9131e\" data-element_type=\"widget\" data-widget_type=\"heading.default\">\n\t\t\t\t<div class=\"elementor-widget-container\">\n\t\t\t<h2 class=\"elementor-heading-title elementor-size-default\">Direito Criminal e Previdenci\u00e1rio<\/h2>\t\t<\/div>\n\t\t\t\t<\/div>\n\t\t\t\t<div class=\"elementor-element elementor-element-8d4b234 elementor-widget elementor-widget-heading\" data-id=\"8d4b234\" data-element_type=\"widget\" data-widget_type=\"heading.default\">\n\t\t\t\t<div class=\"elementor-widget-container\">\n\t\t\t<h2 class=\"elementor-heading-title elementor-size-default\">Direito Criminal e Previdenci\u00e1rio<\/h2>\t\t<\/div>\n\t\t\t\t<\/div>\n\t\t\t\t<div class=\"elementor-element elementor-element-cad68d8 elementor-icon-list--layout-traditional elementor-list-item-link-full_width elementor-widget elementor-widget-icon-list\" data-id=\"cad68d8\" data-element_type=\"widget\" data-widget_type=\"icon-list.default\">\n\t\t\t\t<div class=\"elementor-widget-container\">\n\t\t\t\t\t<ul class=\"elementor-icon-list-items\">\n\t\t\t\t\t\t\t<li class=\"elementor-icon-list-item\">\n\t\t\t\t\t\t\t\t\t\t\t<a href=\"http:\/\/www.instagram.com\/rodrigosantanaadv\">\n\n\t\t\t\t\t\t\t\t\t\t\t\t<span class=\"elementor-icon-list-icon\">\n\t\t\t\t\t\t\t<svg aria-hidden=\"true\" class=\"e-font-icon-svg e-fab-instagram\" viewBox=\"0 0 448 512\" xmlns=\"http:\/\/www.w3.org\/2000\/svg\"><path d=\"M224.1 141c-63.6 0-114.9 51.3-114.9 114.9s51.3 114.9 114.9 114.9S339 319.5 339 255.9 287.7 141 224.1 141zm0 189.6c-41.1 0-74.7-33.5-74.7-74.7s33.5-74.7 74.7-74.7 74.7 33.5 74.7 74.7-33.6 74.7-74.7 74.7zm146.4-194.3c0 14.9-12 26.8-26.8 26.8-14.9 0-26.8-12-26.8-26.8s12-26.8 26.8-26.8 26.8 12 26.8 26.8zm76.1 27.2c-1.7-35.9-9.9-67.7-36.2-93.9-26.2-26.2-58-34.4-93.9-36.2-37-2.1-147.9-2.1-184.9 0-35.8 1.7-67.6 9.9-93.9 36.1s-34.4 58-36.2 93.9c-2.1 37-2.1 147.9 0 184.9 1.7 35.9 9.9 67.7 36.2 93.9s58 34.4 93.9 36.2c37 2.1 147.9 2.1 184.9 0 35.9-1.7 67.7-9.9 93.9-36.2 26.2-26.2 34.4-58 36.2-93.9 2.1-37 2.1-147.8 0-184.8zM398.8 388c-7.8 19.6-22.9 34.7-42.6 42.6-29.5 11.7-99.5 9-132.1 9s-102.7 2.6-132.1-9c-19.6-7.8-34.7-22.9-42.6-42.6-11.7-29.5-9-99.5-9-132.1s-2.6-102.7 9-132.1c7.8-19.6 22.9-34.7 42.6-42.6 29.5-11.7 99.5-9 132.1-9s102.7-2.6 132.1 9c19.6 7.8 34.7 22.9 42.6 42.6 11.7 29.5 9 99.5 9 132.1s2.7 102.7-9 132.1z\"><\/path><\/svg>\t\t\t\t\t\t<\/span>\n\t\t\t\t\t\t\t\t\t\t<span class=\"elementor-icon-list-text\">@rodrigosantanaadv<\/span>\n\t\t\t\t\t\t\t\t\t\t\t<\/a>\n\t\t\t\t\t\t\t\t\t<\/li>\n\t\t\t\t\t\t\t\t<li class=\"elementor-icon-list-item\">\n\t\t\t\t\t\t\t\t\t\t\t<span class=\"elementor-icon-list-icon\">\n\t\t\t\t\t\t\t<svg aria-hidden=\"true\" class=\"e-font-icon-svg e-fas-map-marked-alt\" viewBox=\"0 0 576 512\" xmlns=\"http:\/\/www.w3.org\/2000\/svg\"><path d=\"M288 0c-69.59 0-126 56.41-126 126 0 56.26 82.35 158.8 113.9 196.02 6.39 7.54 17.82 7.54 24.2 0C331.65 284.8 414 182.26 414 126 414 56.41 357.59 0 288 0zm0 168c-23.2 0-42-18.8-42-42s18.8-42 42-42 42 18.8 42 42-18.8 42-42 42zM20.12 215.95A32.006 32.006 0 0 0 0 245.66v250.32c0 11.32 11.43 19.06 21.94 14.86L160 448V214.92c-8.84-15.98-16.07-31.54-21.25-46.42L20.12 215.95zM288 359.67c-14.07 0-27.38-6.18-36.51-16.96-19.66-23.2-40.57-49.62-59.49-76.72v182l192 64V266c-18.92 27.09-39.82 53.52-59.49 76.72-9.13 10.77-22.44 16.95-36.51 16.95zm266.06-198.51L416 224v288l139.88-55.95A31.996 31.996 0 0 0 576 426.34V176.02c0-11.32-11.43-19.06-21.94-14.86z\"><\/path><\/svg>\t\t\t\t\t\t<\/span>\n\t\t\t\t\t\t\t\t\t\t<span class=\"elementor-icon-list-text\">Av. Cesario Alvim, 3545, Bairro Brasil, Uberl\u00e2ndia-MG<\/span>\n\t\t\t\t\t\t\t\t\t<\/li>\n\t\t\t\t\t\t<\/ul>\n\t\t\t\t<\/div>\n\t\t\t\t<\/div>\n\t\t\t\t<\/div>\n\t\t<div class=\"elementor-element elementor-element-0ee1eeb e-con-full e-flex e-con e-child\" data-id=\"0ee1eeb\" data-element_type=\"container\">\n\t\t\t\t<div class=\"elementor-element elementor-element-290710b elementor-drop-cap-yes elementor-drop-cap-view-default elementor-widget elementor-widget-text-editor\" data-id=\"290710b\" data-element_type=\"widget\" data-settings=\"{&quot;drop_cap&quot;:&quot;yes&quot;}\" data-widget_type=\"text-editor.default\">\n\t\t\t\t<div class=\"elementor-widget-container\">\n\t\t\t\t\t\t\t<pre><em>\u201cAtuo no Direito desde 2002. Comecei a estagiar na faculdade, auxiliando profissionais que muito contribu\u00edram com a minha forma\u00e7\u00e3o. Hoje, acumulo mais de 20 anos de experi\u00eancia em garantir que as leis sejam cumpridas e o justo seja executado, tanto na \u00e1rea criminal, quanto na previdenci\u00e1ria\u201d.<\/em><\/pre>\t\t\t\t\t\t<\/div>\n\t\t\t\t<\/div>\n\t\t\t\t<\/div>\n\t\t<div class=\"elementor-element elementor-element-d521d3b e-con-full e-flex e-con e-child\" data-id=\"d521d3b\" data-element_type=\"container\">\n\t\t\t\t<div class=\"elementor-element elementor-element-a6b9880 elementor-widget elementor-widget-image\" data-id=\"a6b9880\" data-element_type=\"widget\" data-widget_type=\"image.default\">\n\t\t\t\t<div class=\"elementor-widget-container\">\n\t\t\t\t\t\t\t\t\t\t\t\t\t<img fetchpriority=\"high\" decoding=\"async\" width=\"1080\" height=\"1920\" src=\"https:\/\/rodrigosantanaadv.com.br\/wp-content\/uploads\/2024\/10\/Design-sem-nome-6.png\" class=\"attachment-full size-full wp-image-648\" alt=\"\" srcset=\"https:\/\/rodrigosantanaadv.com.br\/wp-content\/uploads\/2024\/10\/Design-sem-nome-6.png 1080w, https:\/\/rodrigosantanaadv.com.br\/wp-content\/uploads\/2024\/10\/Design-sem-nome-6-169x300.png 169w, https:\/\/rodrigosantanaadv.com.br\/wp-content\/uploads\/2024\/10\/Design-sem-nome-6-576x1024.png 576w, https:\/\/rodrigosantanaadv.com.br\/wp-content\/uploads\/2024\/10\/Design-sem-nome-6-768x1365.png 768w, https:\/\/rodrigosantanaadv.com.br\/wp-content\/uploads\/2024\/10\/Design-sem-nome-6-864x1536.png 864w\" sizes=\"(max-width: 1080px) 100vw, 1080px\" \/>\t\t\t\t\t\t\t\t\t\t\t\t\t<\/div>\n\t\t\t\t<\/div>\n\t\t\t\t<\/div>\n\t\t\t\t\t<\/div>\n\t\t\t\t<\/div>\n\t\t\t\t<\/div>\n\t\t","protected":false},"excerpt":{"rendered":"<p>Direito Criminal e Previdenci\u00e1rio Atua\u00e7\u00e3o em pris\u00e3o em flagrante, inqu\u00e9ritos policiais, processos criminais, execu\u00e7\u00e3o penal e tribunal do j\u00fari. Atendimento Criminal Atendimento Previdenci\u00e1rio Direito Previdenci\u00e1rio Conhe\u00e7a mais sobre nossos servi\u00e7os clicando aqui. Direito Criminal Conhe\u00e7a mais sobre nossos servi\u00e7os clicando aqui. Rodrigo Santana Advogado formado em 2005 pela Universidade do Tri\u00e2ngulo. P\u00f3s-graduando em Direito Civil [&hellip;]<\/p>\n","protected":false},"author":1,"featured_media":0,"parent":0,"menu_order":0,"comment_status":"closed","ping_status":"closed","template":"","meta":{"_siteseo_robots_primary_cat":"","footnotes":""},"class_list":["post-492","page","type-page","status-publish","hentry"],"_links":{"self":[{"href":"https:\/\/rodrigosantanaadv.com.br\/index.php?rest_route=\/wp\/v2\/pages\/492","targetHints":{"allow":["GET"]}}],"collection":[{"href":"https:\/\/rodrigosantanaadv.com.br\/index.php?rest_route=\/wp\/v2\/pages"}],"about":[{"href":"https:\/\/rodrigosantanaadv.com.br\/index.php?rest_route=\/wp\/v2\/types\/page"}],"author":[{"embeddable":true,"href":"https:\/\/rodrigosantanaadv.com.br\/index.php?rest_route=\/wp\/v2\/users\/1"}],"replies":[{"embeddable":true,"href":"https:\/\/rodrigosantanaadv.com.br\/index.php?rest_route=%2Fwp%2Fv2%2Fcomments&post=492"}],"version-history":[{"count":146,"href":"https:\/\/rodrigosantanaadv.com.br\/index.php?rest_route=\/wp\/v2\/pages\/492\/revisions"}],"predecessor-version":[{"id":758,"href":"https:\/\/rodrigosantanaadv.com.br\/index.php?rest_route=\/wp\/v2\/pages\/492\/revisions\/758"}],"wp:attachment":[{"href":"https:\/\/rodrigosantanaadv.com.br\/index.php?rest_route=%2Fwp%2Fv2%2Fmedia&parent=492"}],"curies":[{"name":"wp","href":"https:\/\/api.w.org\/{rel}","templated":true}]}}